{"id":1962,"date":"2026-04-14T17:53:57","date_gmt":"2026-04-14T21:53:57","guid":{"rendered":"https:\/\/rograf.com\/matica\/?post_type=product&#038;p=1962"},"modified":"2026-04-14T18:13:59","modified_gmt":"2026-04-14T22:13:59","slug":"calms-forte-100-tablets","status":"publish","type":"product","link":"https:\/\/rograf.com\/matica\/producto\/calms-forte-100-tablets\/","title":{"rendered":"Calms Forte 100 tablets"},"content":{"rendered":"<div class=\"html-div xdj266r x14z9mp xat24cr x1lziwak xexx8yu xyri2b x18d9i69 x1c1uobl\" dir=\"auto\">\n<div class=\"html-div xdj266r x14z9mp xat24cr x1lziwak xexx8yu xyri2b x18d9i69 x1c1uobl\" data-ad-rendering-role=\"story_message\">\n<div class=\"x1l90r2v x1iorvi4 x1g0dm76 xpdmqnj\" data-ad-comet-preview=\"message\" data-ad-preview=\"message\">\n<div class=\"x78zum5 xdt5ytf xz62fqu x16ldp7u\">\n<div class=\"xu06os2 x1ok221b\">\n<div class=\"html-div xdj266r x14z9mp xat24cr x1lziwak xexx8yu xyri2b x18d9i69 x1c1uobl\">\n<div class=\"xdj266r x14z9mp xat24cr x1lziwak x1vvkbs x126k92a\">\n<h6 dir=\"auto\">**<strong>Calm&#8217;s Fort\u00e9**<\/strong> de Hyland\u2019s es un suplemento homeop\u00e1tico dise\u00f1ado principalmente para aliviar el **estr\u00e9s ocasional, la inquietud y el insomnio leve**.<\/h6>\n<\/div>\n<div class=\"x14z9mp xat24cr x1lziwak x1vvkbs xtlvy1s x126k92a\">\n<div dir=\"auto\">A diferencia de los sedantes fuertes, este producto se comercializa como una opci\u00f3n natural que no genera dependencia ni causa somnolencia extrema al d\u00eda siguiente (\u00abgroggy feeling\u00bb).<\/div>\n<\/div>\n<div class=\"x14z9mp xat24cr x1lziwak x1vvkbs xtlvy1s x126k92a\">\n<h6 dir=\"auto\"><\/h6>\n<h6 dir=\"auto\">\u00a0<strong>Usos principales<\/strong><\/h6>\n<div dir=\"auto\">* **Alivio del insomnio:** Ayuda a conciliar el sue\u00f1o cuando la dificultad para dormir es causada por el nerviosismo o una mente hiperactiva.<\/div>\n<div dir=\"auto\">* **Reducci\u00f3n del estr\u00e9s:** Se utiliza durante el d\u00eda para ayudar a calmar los nervios y la tensi\u00f3n emocional.<\/div>\n<div dir=\"auto\">* **Relajaci\u00f3n mental:** Ayuda a mitigar los pensamientos recurrentes que impiden el descanso.<\/div>\n<\/div>\n<div class=\"x14z9mp xat24cr x1lziwak x1vvkbs xtlvy1s x126k92a\">\n<h6 dir=\"auto\"><\/h6>\n<h6 dir=\"auto\">\u00a0Ingredientes comunes<\/h6>\n<div dir=\"auto\">Contiene una mezcla de ingredientes bot\u00e1nicos y minerales en diluciones homeop\u00e1ticas, tales como:<\/div>\n<div dir=\"auto\">* **Avena Sativa:** Tradicionalmente utilizada para el agotamiento f\u00edsico y mental.<\/div>\n<div dir=\"auto\">* **Chamomile (Manzanilla):** Conocida por sus propiedades calmantes.<\/div>\n<div dir=\"auto\">* **Humulus Lupulus (L\u00fapulo):** Utilizado para inducir la relajaci\u00f3n.<\/div>\n<div dir=\"auto\">* **Passiflora (Pasionaria):** Ayuda a tratar la inquietud.<\/div>\n<\/div>\n<div class=\"x14z9mp xat24cr x1lziwak x1vvkbs xtlvy1s x126k92a\">\n<div dir=\"auto\"><strong>\u00a0<\/strong><\/div>\n<div dir=\"auto\"><strong>Consideraciones importantes<\/strong><\/div>\n<div dir=\"auto\">1. **<strong>Homeopat\u00eda:*<\/strong>* Es importante notar que sus ingredientes est\u00e1n altamente diluidos. Seg\u00fan los principios homeop\u00e1ticos, esto estimula la respuesta del cuerpo, aunque la medicina convencional suele requerir m\u00e1s evidencia cl\u00ednica para validar su eficacia.<\/div>\n<div dir=\"auto\">2. **Sin interacci\u00f3n conocida:** Por lo general, no interact\u00faa con otros medicamentos, pero siempre es recomendable consultarlo con un m\u00e9dico si est\u00e1s bajo tratamiento profesional.<\/div>\n<div dir=\"auto\">3. **<strong>Variedad de presentaciones:<\/strong>** Existe la versi\u00f3n est\u00e1ndar para adultos y versiones espec\u00edficas (como *Calm&#8217;s Fort\u00e9 4 Kids*) con dosificaciones adecuadas para ni\u00f1os.<\/div>\n<\/div>\n<div class=\"x14z9mp xat24cr x1lziwak x1vvkbs xtlvy1s x126k92a\">\n<div dir=\"auto\">&#8212;<\/div>\n<div dir=\"auto\">&gt; **<strong>Nota:<\/strong>** Si el insomnio o la ansiedad persisten por m\u00e1s de dos semanas, lo ideal es consultar a un especialista para descartar condiciones subyacentes.<\/div>\n<\/div>\n<div class=\"x14z9mp xat24cr x1lziwak x1vvkbs xtlvy1s x126k92a\">\n<div dir=\"auto\"><span class=\"html-span xdj266r x14z9mp xat24cr x1lziwak xexx8yu xyri2b x18d9i69 x1c1uobl x1hl2dhg x16tdsg8 x1vvkbs\"><a class=\"x1i10hfl xjbqb8w x1ejq31n x18oe1m7 x1sy0etr xstzfhl x972fbf x10w94by x1qhh985 x14e42zd x9f619 x1ypdohk xt0psk2 x3ct3a4 xdj266r x14z9mp xat24cr x1lziwak xexx8yu xyri2b x18d9i69 x1c1uobl x16tdsg8 x1hl2dhg xggy1nq x1a2a7pz xkrqix3 x1sur9pj x1fey0fg x1s688f\" tabindex=\"0\" role=\"link\" href=\"https:\/\/l.facebook.com\/l.php?u=http%3A%2F%2Fmadretierra-salud.com%2F%3Ffbclid%3DIwZXh0bgNhZW0CMTAAYnJpZBExMmpuVEFSejIyOTY0Y1Z4MHNydGMGYXBwX2lkEDIyMjAzOTE3ODgyMDA4OTIAAR5_hLoewCfssFIIDoLEFPLv0Eu-33GRtLZGUpAUb08ssJz1dA4VA20oBUwhXg_aem_pUmfQsjluyJoWajF2_jsSg&amp;h=AT5CvoyTbMzU8oPrbWWXbrDf8mrAj_y9Hny_6rCOiBZjtrBXJVtXELp2EfXVWBDbeEEfcMl4Aa_wlIz88Anbg35Jq0aaX5wZrmyA1Bzqw8ZZrDQY-g55Xp6w34W6CgOV1VfPSkgry5lTbbtD&amp;__tn__=-UK-R&amp;c[0]=AT7OGju8w5HC7jE-rN2iNUdurpgC7ePsZLAfWvcFL5xkAQqNLdMib9ZdVTdrbrztXwzxlh9ByJilajylvU9G2UhufKzSs1qga_t-KGzJhw8KwRkidON6H06eU1D3Epk5knDBTFX8U0TrQ-st0qfIgMCmUbkLciQKGRvZCe4CExoI6ezI_n9kNt7aRjt1xKY\" target=\"_blank\" rel=\"nofollow noopener noreferrer\">madretierra-salud.com<\/a><\/span><\/div>\n<\/div>\n<\/div>\n<\/div>\n<\/div>\n<\/div>\n<\/div>\n<\/div>\n<div class=\"html-div xdj266r x14z9mp xat24cr x1lziwak xexx8yu xyri2b x18d9i69 x1c1uobl x1n2onr6\">\n<div class=\"html-div xdj266r x14z9mp xat24cr x1lziwak xexx8yu xyri2b x18d9i69 x1c1uobl x1n2onr6\"><strong><span class=\"x193iq5w xeuugli x13faqbe x1vvkbs x1xmvt09 x1lliihq x1s928wv xhkezso x1gmr53x x1cpjm7i x1fgarty x1943h6x xudqn12 x3x7a5m x6prxxf xvq8zen xo1l8bm xzsf02u x1yc453h\" dir=\"auto\">Visita la tienda en Padre Pina No. 2 Santo Domingo, zona WASD Rep. Dom. 806-686-7000 y 809-686-7058<\/span><\/strong><\/div>\n<\/div>\n","protected":false},"excerpt":{"rendered":"<div class=\"xdj266r x14z9mp xat24cr x1lziwak x1vvkbs x126k92a\">\n<div dir=\"auto\"><strong>Calm&#8217;s Fort\u00e9*<\/strong>* de Hyland\u2019s es un suplemento homeop\u00e1tico dise\u00f1ado principalmente para aliviar el **estr\u00e9s ocasional, la inquietud y el insomnio leve**.<\/div>\n<\/div>\n<div class=\"x14z9mp xat24cr x1lziwak x1vvkbs xtlvy1s x126k92a\">\n<div dir=\"auto\">A diferencia de los sedantes fuertes, este producto se comercializa como una opci\u00f3n natural que no genera dependencia ni causa somnolencia extrema al d\u00eda siguiente (\u00abgroggy feeling\u00bb).<\/div>\n<div dir=\"auto\"><img decoding=\"async\" class=\"alignnone size-full wp-image-1608\" src=\"https:\/\/rograf.com\/matica\/wp-content\/uploads\/2021\/02\/Madre-Tierra-logo.jpg\" alt=\"\" width=\"190\" height=\"190\" srcset=\"https:\/\/rograf.com\/matica\/wp-content\/uploads\/2021\/02\/Madre-Tierra-logo.jpg 190w, https:\/\/rograf.com\/matica\/wp-content\/uploads\/2021\/02\/Madre-Tierra-logo-150x150.jpg 150w, https:\/\/rograf.com\/matica\/wp-content\/uploads\/2021\/02\/Madre-Tierra-logo-100x100.jpg 100w\" sizes=\"(max-width: 190px) 100vw, 190px\" \/><\/div>\n<div dir=\"auto\"><\/div>\n<div dir=\"auto\"><span class=\"x193iq5w xeuugli x13faqbe x1vvkbs x1xmvt09 x1lliihq x1s928wv xhkezso x1gmr53x x1cpjm7i x1fgarty x1943h6x xudqn12 x3x7a5m x6prxxf xvq8zen xo1l8bm xzsf02u x1yc453h\" dir=\"auto\"><span style=\"color: #ff0000;\">Visita la tienda en<\/span> Padre Pina No. 2 Santo Domingo, zona WASD Rep. Dom. 806-686-7000 y 809-686-7058<\/span><\/div>\n<\/div>\n","protected":false},"featured_media":1963,"comment_status":"open","ping_status":"closed","template":"","meta":{"site-sidebar-layout":"default","site-content-layout":"","ast-site-content-layout":"default","site-content-style":"default","site-sidebar-style":"default","ast-global-header-display":"","ast-banner-title-visibility":"","ast-main-header-display":"","ast-hfb-above-header-display":"","ast-hfb-below-header-display":"","ast-hfb-mobile-header-display":"","site-post-title":"","ast-breadcrumbs-content":"","ast-featured-img":"","footer-sml-layout":"","ast-disable-related-posts":"","theme-transparent-header-meta":"default","adv-header-id-meta":"","stick-header-meta":"","header-above-stick-meta":"","header-main-stick-meta":"","header-below-stick-meta":"","astra-migrate-meta-layouts":"set","ast-page-background-enabled":"default","ast-page-background-meta":{"desktop":{"background-color":"","background-image":"","background-repeat":"repeat","background-position":"center center","background-size":"auto","background-attachment":"scroll","background-type":"","background-media":"","overlay-type":"","overlay-color":"","overlay-opacity":"","overlay-gradient":""},"tablet":{"background-color":"","background-image":"","background-repeat":"repeat","background-position":"center center","background-size":"auto","background-attachment":"scroll","background-type":"","background-media":"","overlay-type":"","overlay-color":"","overlay-opacity":"","overlay-gradient":""},"mobile":{"background-color":"","background-image":"","background-repeat":"repeat","background-position":"center center","background-size":"auto","background-attachment":"scroll","background-type":"","background-media":"","overlay-type":"","overlay-color":"","overlay-opacity":"","overlay-gradient":""}},"ast-content-background-meta":{"desktop":{"background-color":"var(--ast-global-color-5)","background-image":"","background-repeat":"repeat","background-position":"center center","background-size":"auto","background-attachment":"scroll","background-type":"","background-media":"","overlay-type":"","overlay-color":"","overlay-opacity":"","overlay-gradient":""},"tablet":{"background-color":"var(--ast-global-color-5)","background-image":"","background-repeat":"repeat","background-position":"center center","background-size":"auto","background-attachment":"scroll","background-type":"","background-media":"","overlay-type":"","overlay-color":"","overlay-opacity":"","overlay-gradient":""},"mobile":{"background-color":"var(--ast-global-color-5)","background-image":"","background-repeat":"repeat","background-position":"center center","background-size":"auto","background-attachment":"scroll","background-type":"","background-media":"","overlay-type":"","overlay-color":"","overlay-opacity":"","overlay-gradient":""}}},"product_brand":[],"product_cat":[75],"product_tag":[77,85,81,82,83,84],"class_list":{"0":"post-1962","1":"product","2":"type-product","3":"status-publish","4":"has-post-thumbnail","6":"product_cat-suplementos","7":"product_tag-ansiedad","8":"product_tag-estres","9":"product_tag-insomnio","10":"product_tag-irritabilidad","11":"product_tag-nerviosismo","12":"product_tag-relajacion-mental","13":"desktop-align-left","14":"tablet-align-left","15":"mobile-align-left","17":"first","18":"instock","19":"shipping-taxable","20":"product-type-simple"},"yoast_head":"<!-- This site is optimized with the Yoast SEO plugin v27.4 - https:\/\/yoast.com\/product\/yoast-seo-wordpress\/ -->\n<title>Calms Forte 100 tablets - matica<\/title>\n<meta name=\"robots\" content=\"index, follow, max-snippet:-1, max-image-preview:large, max-video-preview:-1\" \/>\n<link rel=\"canonical\" href=\"https:\/\/rograf.com\/matica\/producto\/calms-forte-100-tablets\/\" \/>\n<meta property=\"og:locale\" content=\"es_ES\" \/>\n<meta property=\"og:type\" content=\"article\" \/>\n<meta property=\"og:title\" content=\"Calms Forte 100 tablets - matica\" \/>\n<meta property=\"og:description\" content=\"Calm&#039;s Fort\u00e9** de Hyland\u2019s es un suplemento homeop\u00e1tico dise\u00f1ado principalmente para aliviar el **estr\u00e9s ocasional, la inquietud y el insomnio leve**.   A diferencia de los sedantes fuertes, este producto se comercializa como una opci\u00f3n natural que no genera dependencia ni causa somnolencia extrema al d\u00eda siguiente (&quot;groggy feeling&quot;).   Visita la tienda en Padre Pina No. 2 Santo Domingo, zona WASD Rep. Dom. 806-686-7000 y 809-686-7058\" \/>\n<meta property=\"og:url\" content=\"https:\/\/rograf.com\/matica\/producto\/calms-forte-100-tablets\/\" \/>\n<meta property=\"og:site_name\" content=\"matica\" \/>\n<meta property=\"article:publisher\" content=\"https:\/\/www.facebook.com\/madretierra.salud.16\" \/>\n<meta property=\"article:modified_time\" content=\"2026-04-14T22:13:59+00:00\" \/>\n<meta property=\"og:image\" content=\"https:\/\/rograf.com\/matica\/wp-content\/uploads\/2026\/04\/CALMS-FORTE-100-TABS.jpg\" \/>\n\t<meta property=\"og:image:width\" content=\"1080\" \/>\n\t<meta property=\"og:image:height\" content=\"1080\" \/>\n\t<meta property=\"og:image:type\" content=\"image\/jpeg\" \/>\n<meta name=\"twitter:card\" content=\"summary_large_image\" \/>\n<meta name=\"twitter:label1\" content=\"Tiempo de lectura\" \/>\n\t<meta name=\"twitter:data1\" content=\"2 minutos\" \/>\n<script type=\"application\/ld+json\" class=\"yoast-schema-graph\">{\"@context\":\"https:\\\/\\\/schema.org\",\"@graph\":[{\"@type\":\"WebPage\",\"@id\":\"https:\\\/\\\/rograf.com\\\/matica\\\/producto\\\/calms-forte-100-tablets\\\/\",\"url\":\"https:\\\/\\\/rograf.com\\\/matica\\\/producto\\\/calms-forte-100-tablets\\\/\",\"name\":\"Calms Forte 100 tablets - matica\",\"isPartOf\":{\"@id\":\"https:\\\/\\\/rograf.com\\\/matica\\\/#website\"},\"primaryImageOfPage\":{\"@id\":\"https:\\\/\\\/rograf.com\\\/matica\\\/producto\\\/calms-forte-100-tablets\\\/#primaryimage\"},\"image\":{\"@id\":\"https:\\\/\\\/rograf.com\\\/matica\\\/producto\\\/calms-forte-100-tablets\\\/#primaryimage\"},\"thumbnailUrl\":\"https:\\\/\\\/rograf.com\\\/matica\\\/wp-content\\\/uploads\\\/2026\\\/04\\\/CALMS-FORTE-100-TABS.jpg\",\"datePublished\":\"2026-04-14T21:53:57+00:00\",\"dateModified\":\"2026-04-14T22:13:59+00:00\",\"breadcrumb\":{\"@id\":\"https:\\\/\\\/rograf.com\\\/matica\\\/producto\\\/calms-forte-100-tablets\\\/#breadcrumb\"},\"inLanguage\":\"es\",\"potentialAction\":[{\"@type\":\"ReadAction\",\"target\":[\"https:\\\/\\\/rograf.com\\\/matica\\\/producto\\\/calms-forte-100-tablets\\\/\"]}]},{\"@type\":\"ImageObject\",\"inLanguage\":\"es\",\"@id\":\"https:\\\/\\\/rograf.com\\\/matica\\\/producto\\\/calms-forte-100-tablets\\\/#primaryimage\",\"url\":\"https:\\\/\\\/rograf.com\\\/matica\\\/wp-content\\\/uploads\\\/2026\\\/04\\\/CALMS-FORTE-100-TABS.jpg\",\"contentUrl\":\"https:\\\/\\\/rograf.com\\\/matica\\\/wp-content\\\/uploads\\\/2026\\\/04\\\/CALMS-FORTE-100-TABS.jpg\",\"width\":1080,\"height\":1080},{\"@type\":\"BreadcrumbList\",\"@id\":\"https:\\\/\\\/rograf.com\\\/matica\\\/producto\\\/calms-forte-100-tablets\\\/#breadcrumb\",\"itemListElement\":[{\"@type\":\"ListItem\",\"position\":1,\"name\":\"Portada\",\"item\":\"https:\\\/\\\/rograf.com\\\/matica\\\/\"},{\"@type\":\"ListItem\",\"position\":2,\"name\":\"Store\",\"item\":\"https:\\\/\\\/rograf.com\\\/matica\\\/store\\\/\"},{\"@type\":\"ListItem\",\"position\":3,\"name\":\"Calms Forte 100 tablets\"}]},{\"@type\":\"WebSite\",\"@id\":\"https:\\\/\\\/rograf.com\\\/matica\\\/#website\",\"url\":\"https:\\\/\\\/rograf.com\\\/matica\\\/\",\"name\":\"matica\",\"description\":\"Otro sitio realizado con WordPress\",\"publisher\":{\"@id\":\"https:\\\/\\\/rograf.com\\\/matica\\\/#organization\"},\"potentialAction\":[{\"@type\":\"SearchAction\",\"target\":{\"@type\":\"EntryPoint\",\"urlTemplate\":\"https:\\\/\\\/rograf.com\\\/matica\\\/?s={search_term_string}\"},\"query-input\":{\"@type\":\"PropertyValueSpecification\",\"valueRequired\":true,\"valueName\":\"search_term_string\"}}],\"inLanguage\":\"es\"},{\"@type\":\"Organization\",\"@id\":\"https:\\\/\\\/rograf.com\\\/matica\\\/#organization\",\"name\":\"matica\",\"url\":\"https:\\\/\\\/rograf.com\\\/matica\\\/\",\"logo\":{\"@type\":\"ImageObject\",\"inLanguage\":\"es\",\"@id\":\"https:\\\/\\\/rograf.com\\\/matica\\\/#\\\/schema\\\/logo\\\/image\\\/\",\"url\":\"https:\\\/\\\/rograf.com\\\/matica\\\/wp-content\\\/uploads\\\/2021\\\/02\\\/Madre-Tierra-logo.jpg\",\"contentUrl\":\"https:\\\/\\\/rograf.com\\\/matica\\\/wp-content\\\/uploads\\\/2021\\\/02\\\/Madre-Tierra-logo.jpg\",\"width\":190,\"height\":190,\"caption\":\"matica\"},\"image\":{\"@id\":\"https:\\\/\\\/rograf.com\\\/matica\\\/#\\\/schema\\\/logo\\\/image\\\/\"},\"sameAs\":[\"https:\\\/\\\/www.facebook.com\\\/madretierra.salud.16\"]}]}<\/script>\n<!-- \/ Yoast SEO plugin. -->","yoast_head_json":{"title":"Calms Forte 100 tablets - matica","robots":{"index":"index","follow":"follow","max-snippet":"max-snippet:-1","max-image-preview":"max-image-preview:large","max-video-preview":"max-video-preview:-1"},"canonical":"https:\/\/rograf.com\/matica\/producto\/calms-forte-100-tablets\/","og_locale":"es_ES","og_type":"article","og_title":"Calms Forte 100 tablets - matica","og_description":"Calm's Fort\u00e9** de Hyland\u2019s es un suplemento homeop\u00e1tico dise\u00f1ado principalmente para aliviar el **estr\u00e9s ocasional, la inquietud y el insomnio leve**.   A diferencia de los sedantes fuertes, este producto se comercializa como una opci\u00f3n natural que no genera dependencia ni causa somnolencia extrema al d\u00eda siguiente (\"groggy feeling\").   Visita la tienda en Padre Pina No. 2 Santo Domingo, zona WASD Rep. Dom. 806-686-7000 y 809-686-7058","og_url":"https:\/\/rograf.com\/matica\/producto\/calms-forte-100-tablets\/","og_site_name":"matica","article_publisher":"https:\/\/www.facebook.com\/madretierra.salud.16","article_modified_time":"2026-04-14T22:13:59+00:00","og_image":[{"width":1080,"height":1080,"url":"https:\/\/rograf.com\/matica\/wp-content\/uploads\/2026\/04\/CALMS-FORTE-100-TABS.jpg","type":"image\/jpeg"}],"twitter_card":"summary_large_image","twitter_misc":{"Tiempo de lectura":"2 minutos"},"schema":{"@context":"https:\/\/schema.org","@graph":[{"@type":"WebPage","@id":"https:\/\/rograf.com\/matica\/producto\/calms-forte-100-tablets\/","url":"https:\/\/rograf.com\/matica\/producto\/calms-forte-100-tablets\/","name":"Calms Forte 100 tablets - matica","isPartOf":{"@id":"https:\/\/rograf.com\/matica\/#website"},"primaryImageOfPage":{"@id":"https:\/\/rograf.com\/matica\/producto\/calms-forte-100-tablets\/#primaryimage"},"image":{"@id":"https:\/\/rograf.com\/matica\/producto\/calms-forte-100-tablets\/#primaryimage"},"thumbnailUrl":"https:\/\/rograf.com\/matica\/wp-content\/uploads\/2026\/04\/CALMS-FORTE-100-TABS.jpg","datePublished":"2026-04-14T21:53:57+00:00","dateModified":"2026-04-14T22:13:59+00:00","breadcrumb":{"@id":"https:\/\/rograf.com\/matica\/producto\/calms-forte-100-tablets\/#breadcrumb"},"inLanguage":"es","potentialAction":[{"@type":"ReadAction","target":["https:\/\/rograf.com\/matica\/producto\/calms-forte-100-tablets\/"]}]},{"@type":"ImageObject","inLanguage":"es","@id":"https:\/\/rograf.com\/matica\/producto\/calms-forte-100-tablets\/#primaryimage","url":"https:\/\/rograf.com\/matica\/wp-content\/uploads\/2026\/04\/CALMS-FORTE-100-TABS.jpg","contentUrl":"https:\/\/rograf.com\/matica\/wp-content\/uploads\/2026\/04\/CALMS-FORTE-100-TABS.jpg","width":1080,"height":1080},{"@type":"BreadcrumbList","@id":"https:\/\/rograf.com\/matica\/producto\/calms-forte-100-tablets\/#breadcrumb","itemListElement":[{"@type":"ListItem","position":1,"name":"Portada","item":"https:\/\/rograf.com\/matica\/"},{"@type":"ListItem","position":2,"name":"Store","item":"https:\/\/rograf.com\/matica\/store\/"},{"@type":"ListItem","position":3,"name":"Calms Forte 100 tablets"}]},{"@type":"WebSite","@id":"https:\/\/rograf.com\/matica\/#website","url":"https:\/\/rograf.com\/matica\/","name":"matica","description":"Otro sitio realizado con WordPress","publisher":{"@id":"https:\/\/rograf.com\/matica\/#organization"},"potentialAction":[{"@type":"SearchAction","target":{"@type":"EntryPoint","urlTemplate":"https:\/\/rograf.com\/matica\/?s={search_term_string}"},"query-input":{"@type":"PropertyValueSpecification","valueRequired":true,"valueName":"search_term_string"}}],"inLanguage":"es"},{"@type":"Organization","@id":"https:\/\/rograf.com\/matica\/#organization","name":"matica","url":"https:\/\/rograf.com\/matica\/","logo":{"@type":"ImageObject","inLanguage":"es","@id":"https:\/\/rograf.com\/matica\/#\/schema\/logo\/image\/","url":"https:\/\/rograf.com\/matica\/wp-content\/uploads\/2021\/02\/Madre-Tierra-logo.jpg","contentUrl":"https:\/\/rograf.com\/matica\/wp-content\/uploads\/2021\/02\/Madre-Tierra-logo.jpg","width":190,"height":190,"caption":"matica"},"image":{"@id":"https:\/\/rograf.com\/matica\/#\/schema\/logo\/image\/"},"sameAs":["https:\/\/www.facebook.com\/madretierra.salud.16"]}]}},"_links":{"self":[{"href":"https:\/\/rograf.com\/matica\/wp-json\/wp\/v2\/product\/1962","targetHints":{"allow":["GET"]}}],"collection":[{"href":"https:\/\/rograf.com\/matica\/wp-json\/wp\/v2\/product"}],"about":[{"href":"https:\/\/rograf.com\/matica\/wp-json\/wp\/v2\/types\/product"}],"replies":[{"embeddable":true,"href":"https:\/\/rograf.com\/matica\/wp-json\/wp\/v2\/comments?post=1962"}],"version-history":[{"count":5,"href":"https:\/\/rograf.com\/matica\/wp-json\/wp\/v2\/product\/1962\/revisions"}],"predecessor-version":[{"id":1965,"href":"https:\/\/rograf.com\/matica\/wp-json\/wp\/v2\/product\/1962\/revisions\/1965"}],"wp:featuredmedia":[{"embeddable":true,"href":"https:\/\/rograf.com\/matica\/wp-json\/wp\/v2\/media\/1963"}],"wp:attachment":[{"href":"https:\/\/rograf.com\/matica\/wp-json\/wp\/v2\/media?parent=1962"}],"wp:term":[{"taxonomy":"product_brand","embeddable":true,"href":"https:\/\/rograf.com\/matica\/wp-json\/wp\/v2\/product_brand?post=1962"},{"taxonomy":"product_cat","embeddable":true,"href":"https:\/\/rograf.com\/matica\/wp-json\/wp\/v2\/product_cat?post=1962"},{"taxonomy":"product_tag","embeddable":true,"href":"https:\/\/rograf.com\/matica\/wp-json\/wp\/v2\/product_tag?post=1962"}],"curies":[{"name":"wp","href":"https:\/\/api.w.org\/{rel}","templated":true}]}}