{"id":362,"date":"2017-12-21T04:37:29","date_gmt":"2017-12-21T08:37:29","guid":{"rendered":"https:\/\/rograf.com\/matica\/producto\/dnk-yellow-shoes\/"},"modified":"2026-05-15T06:50:54","modified_gmt":"2026-05-15T10:50:54","slug":"dnk-yellow-shoes","status":"publish","type":"product","link":"https:\/\/rograf.com\/matica\/producto\/dnk-yellow-shoes\/","title":{"rendered":"Sea Moss Gell"},"content":{"rendered":"<div class=\"ast-oembed-container \" style=\"height: 100%;\"><iframe title=\"I Used SEA MOSS GEL on My FACE for 5 Days &amp; WOW!!\" width=\"500\" height=\"281\" src=\"https:\/\/www.youtube.com\/embed\/fexRpj1YmAI?feature=oembed\" frameborder=\"0\" allow=\"accelerometer; autoplay; clipboard-write; encrypted-media; gyroscope; picture-in-picture; web-share\" referrerpolicy=\"strict-origin-when-cross-origin\" allowfullscreen><\/iframe><\/div>\n<p><strong>Beneficios del gel de musgo marino<\/strong><br \/>\ninformaci\u00f3n adicional<\/p>\n<p><strong> Inmunidad:<\/strong> El sistema inmunol\u00f3gico se fortalece con el uso continuo de musgo marino. Con m\u00e1s de 90 minerales disponibles para la absorci\u00f3n, podr\u00e1 patear traseros \u00abtemporadas de gripe\u00bb, y el\u00a0 resfriado com\u00fan ni siquiera tendr\u00e1 una oportunidad. Adem\u00e1s, el musgo marino se ha utilizado para cientos de a\u00f1os en todo el mundo para aliviar los s\u00edntomas similares a los de la gripe.<\/p>\n<p><strong>Tiroides:<\/strong> Muchos sufren de deficiencias de tiroides que afectan la secreci\u00f3n de hormonas y causan las tasas metab\u00f3licas fluct\u00faan. Las deficiencias suelen ser causadas por la falta de yodo, que es un complemento vital para la regulaci\u00f3n de la tiroides. Afortunadamente, el gel de musgo marino es rico en yodo y selenio, haci\u00e9ndolo perfecto para mejorar la salud de la tiroides.<\/p>\n<p><strong>Salud vaginal<\/strong>: Las infecciones bacterianas comunes, como las infecciones por hongos y c\u00e1ndida, generalmente son causado por niveles bajos de potasio. Las vaginas saludables son de naturaleza \u00e1cida para que sea dif\u00edcil para el mal bacterias para sobrevivir. Los minerales electrol\u00edticos como potasio, sodio, calcio y magnesio son lo que la vagina necesita para crear esos ambientes \u00e1cidos, y el gel de musgo marino tiene todo ellos.<\/p>\n<p><strong>Digesti\u00f3n:<\/strong> en la actualidad, la mayor\u00eda de las dietas estadounidenses son ricas en prote\u00ednas animales y grasas animales que causar inflamaci\u00f3n inmediata en el intestino delgado y grueso.\u00a0 Alivie su inflamado intestino todo mientras crea un ambiente curativo para su cuerpo.\u00a0 La consistencia gelatinosa del mar, el gel de musgo tiene el potencial de volver a revestir las paredes<\/p>\n<p>del est\u00f3mago y liberar lentamente los minerales a lo largo del d\u00eda, lo que aumentar\u00e1 y ayudar\u00e1 a mantener los niveles de energ\u00eda. Si est\u00e1 listo para llevar su salud al siguiente nivel, haga clic en el enlace para encontrar algunos de los mejores gel de musgo en el mercado. Hecho por encargo, hecho a mano y elaborado con amor. Encuentra tu sabor debajo.<\/p>\n<div class=\"ast-oembed-container \" style=\"height: 100%;\"><iframe title=\"How To Make SEA MOSS GEL!  In 3 Easy Steps!\" width=\"500\" height=\"281\" src=\"https:\/\/www.youtube.com\/embed\/H7lKK-ggkls?feature=oembed\" frameborder=\"0\" allow=\"accelerometer; autoplay; clipboard-write; encrypted-media; gyroscope; picture-in-picture; web-share\" referrerpolicy=\"strict-origin-when-cross-origin\" allowfullscreen><\/iframe><\/div>\n","protected":false},"excerpt":{"rendered":"<p>THE REAL DEAL &#8211; Premium quality sea moss. Wild crafted, organic, clean, no bad smells and harvested from the Caribbean waters.<br \/>\nSUPER VALUE &#8211; 1 package makes 75 ounces of organic sea moss gel. Unlike any other sea moss, this is super dry and clean to give you more yield per package.<br \/>\nSUPERFOOD &#8211; Sea moss is a powerhouse for heart health, thyroid, digestion, immunity, detoxing and is an appetite suppressant that boosts your energy.<br \/>\nBOOST YOUR IMMUNITY &#8211; Packed with 90% of vitamins and minerals your body needs.<\/p>\n<p>&nbsp;<\/p>\n","protected":false},"featured_media":1577,"comment_status":"open","ping_status":"closed","template":"","meta":{"site-sidebar-layout":"default","site-content-layout":"default","ast-site-content-layout":"default","site-content-style":"default","site-sidebar-style":"default","ast-global-header-display":"","ast-banner-title-visibility":"","ast-main-header-display":"","ast-hfb-above-header-display":"","ast-hfb-below-header-display":"","ast-hfb-mobile-header-display":"","site-post-title":"","ast-breadcrumbs-content":"","ast-featured-img":"","footer-sml-layout":"","ast-disable-related-posts":"","theme-transparent-header-meta":"default","adv-header-id-meta":"","stick-header-meta":"","header-above-stick-meta":"","header-main-stick-meta":"","header-below-stick-meta":"","astra-migrate-meta-layouts":"default","ast-page-background-enabled":"default","ast-page-background-meta":{"desktop":{"background-color":"","background-image":"","background-repeat":"repeat","background-position":"center center","background-size":"auto","background-attachment":"scroll","background-type":"","background-media":"","overlay-type":"","overlay-color":"","overlay-opacity":"","overlay-gradient":""},"tablet":{"background-color":"","background-image":"","background-repeat":"repeat","background-position":"center center","background-size":"auto","background-attachment":"scroll","background-type":"","background-media":"","overlay-type":"","overlay-color":"","overlay-opacity":"","overlay-gradient":""},"mobile":{"background-color":"","background-image":"","background-repeat":"repeat","background-position":"center center","background-size":"auto","background-attachment":"scroll","background-type":"","background-media":"","overlay-type":"","overlay-color":"","overlay-opacity":"","overlay-gradient":""}},"ast-content-background-meta":{"desktop":{"background-color":"var(--ast-global-color-5)","background-image":"","background-repeat":"repeat","background-position":"center center","background-size":"auto","background-attachment":"scroll","background-type":"","background-media":"","overlay-type":"","overlay-color":"","overlay-opacity":"","overlay-gradient":""},"tablet":{"background-color":"var(--ast-global-color-5)","background-image":"","background-repeat":"repeat","background-position":"center center","background-size":"auto","background-attachment":"scroll","background-type":"","background-media":"","overlay-type":"","overlay-color":"","overlay-opacity":"","overlay-gradient":""},"mobile":{"background-color":"var(--ast-global-color-5)","background-image":"","background-repeat":"repeat","background-position":"center center","background-size":"auto","background-attachment":"scroll","background-type":"","background-media":"","overlay-type":"","overlay-color":"","overlay-opacity":"","overlay-gradient":""}}},"product_brand":[],"product_cat":[68],"product_tag":[69],"class_list":{"0":"post-362","1":"product","2":"type-product","3":"status-publish","4":"has-post-thumbnail","6":"product_cat-sea-moss","7":"product_tag-sea-moss-gel","8":"desktop-align-left","9":"tablet-align-left","10":"mobile-align-left","12":"first","13":"instock","14":"featured","15":"shipping-taxable","16":"purchasable","17":"product-type-simple"},"yoast_head":"<!-- This site is optimized with the Yoast SEO plugin v27.4 - https:\/\/yoast.com\/product\/yoast-seo-wordpress\/ -->\n<title>Sea Moss Gell - matica<\/title>\n<meta name=\"robots\" content=\"index, follow, max-snippet:-1, max-image-preview:large, max-video-preview:-1\" \/>\n<link rel=\"canonical\" href=\"https:\/\/rograf.com\/matica\/producto\/dnk-yellow-shoes\/\" \/>\n<meta property=\"og:locale\" content=\"es_ES\" \/>\n<meta property=\"og:type\" content=\"article\" \/>\n<meta property=\"og:title\" content=\"Sea Moss Gell - matica\" \/>\n<meta property=\"og:description\" content=\"THE REAL DEAL - Premium quality sea moss. Wild crafted, organic, clean, no bad smells and harvested from the Caribbean waters. SUPER VALUE - 1 package makes 75 ounces of organic sea moss gel. Unlike any other sea moss, this is super dry and clean to give you more yield per package. SUPERFOOD - Sea moss is a powerhouse for heart health, thyroid, digestion, immunity, detoxing and is an appetite suppressant that boosts your energy. BOOST YOUR IMMUNITY - Packed with 90% of vitamins and minerals your body needs.  &nbsp;\" \/>\n<meta property=\"og:url\" content=\"https:\/\/rograf.com\/matica\/producto\/dnk-yellow-shoes\/\" \/>\n<meta property=\"og:site_name\" content=\"matica\" \/>\n<meta property=\"article:publisher\" content=\"https:\/\/www.facebook.com\/madretierra.salud.16\" \/>\n<meta property=\"article:modified_time\" content=\"2026-05-15T10:50:54+00:00\" \/>\n<meta property=\"og:image\" content=\"https:\/\/rograf.com\/matica\/wp-content\/uploads\/2017\/12\/Sea-moss-gel-1024x1024.jpg\" \/>\n\t<meta property=\"og:image:width\" content=\"1024\" \/>\n\t<meta property=\"og:image:height\" content=\"1024\" \/>\n\t<meta property=\"og:image:type\" content=\"image\/jpeg\" \/>\n<meta name=\"twitter:card\" content=\"summary_large_image\" \/>\n<meta name=\"twitter:label1\" content=\"Tiempo de lectura\" \/>\n\t<meta name=\"twitter:data1\" content=\"2 minutos\" \/>\n<script type=\"application\/ld+json\" class=\"yoast-schema-graph\">{\"@context\":\"https:\\\/\\\/schema.org\",\"@graph\":[{\"@type\":\"WebPage\",\"@id\":\"https:\\\/\\\/rograf.com\\\/matica\\\/producto\\\/dnk-yellow-shoes\\\/\",\"url\":\"https:\\\/\\\/rograf.com\\\/matica\\\/producto\\\/dnk-yellow-shoes\\\/\",\"name\":\"Sea Moss Gell - matica\",\"isPartOf\":{\"@id\":\"https:\\\/\\\/rograf.com\\\/matica\\\/#website\"},\"primaryImageOfPage\":{\"@id\":\"https:\\\/\\\/rograf.com\\\/matica\\\/producto\\\/dnk-yellow-shoes\\\/#primaryimage\"},\"image\":{\"@id\":\"https:\\\/\\\/rograf.com\\\/matica\\\/producto\\\/dnk-yellow-shoes\\\/#primaryimage\"},\"thumbnailUrl\":\"https:\\\/\\\/rograf.com\\\/matica\\\/wp-content\\\/uploads\\\/2017\\\/12\\\/Sea-moss-gel.jpg\",\"datePublished\":\"2017-12-21T08:37:29+00:00\",\"dateModified\":\"2026-05-15T10:50:54+00:00\",\"breadcrumb\":{\"@id\":\"https:\\\/\\\/rograf.com\\\/matica\\\/producto\\\/dnk-yellow-shoes\\\/#breadcrumb\"},\"inLanguage\":\"es\",\"potentialAction\":[{\"@type\":\"ReadAction\",\"target\":[\"https:\\\/\\\/rograf.com\\\/matica\\\/producto\\\/dnk-yellow-shoes\\\/\"]}]},{\"@type\":\"ImageObject\",\"inLanguage\":\"es\",\"@id\":\"https:\\\/\\\/rograf.com\\\/matica\\\/producto\\\/dnk-yellow-shoes\\\/#primaryimage\",\"url\":\"https:\\\/\\\/rograf.com\\\/matica\\\/wp-content\\\/uploads\\\/2017\\\/12\\\/Sea-moss-gel.jpg\",\"contentUrl\":\"https:\\\/\\\/rograf.com\\\/matica\\\/wp-content\\\/uploads\\\/2017\\\/12\\\/Sea-moss-gel.jpg\",\"width\":1207,\"height\":1207},{\"@type\":\"BreadcrumbList\",\"@id\":\"https:\\\/\\\/rograf.com\\\/matica\\\/producto\\\/dnk-yellow-shoes\\\/#breadcrumb\",\"itemListElement\":[{\"@type\":\"ListItem\",\"position\":1,\"name\":\"Portada\",\"item\":\"https:\\\/\\\/rograf.com\\\/matica\\\/\"},{\"@type\":\"ListItem\",\"position\":2,\"name\":\"Store\",\"item\":\"https:\\\/\\\/rograf.com\\\/matica\\\/store\\\/\"},{\"@type\":\"ListItem\",\"position\":3,\"name\":\"Sea Moss Gell\"}]},{\"@type\":\"WebSite\",\"@id\":\"https:\\\/\\\/rograf.com\\\/matica\\\/#website\",\"url\":\"https:\\\/\\\/rograf.com\\\/matica\\\/\",\"name\":\"matica\",\"description\":\"Otro sitio realizado con WordPress\",\"publisher\":{\"@id\":\"https:\\\/\\\/rograf.com\\\/matica\\\/#organization\"},\"potentialAction\":[{\"@type\":\"SearchAction\",\"target\":{\"@type\":\"EntryPoint\",\"urlTemplate\":\"https:\\\/\\\/rograf.com\\\/matica\\\/?s={search_term_string}\"},\"query-input\":{\"@type\":\"PropertyValueSpecification\",\"valueRequired\":true,\"valueName\":\"search_term_string\"}}],\"inLanguage\":\"es\"},{\"@type\":\"Organization\",\"@id\":\"https:\\\/\\\/rograf.com\\\/matica\\\/#organization\",\"name\":\"matica\",\"url\":\"https:\\\/\\\/rograf.com\\\/matica\\\/\",\"logo\":{\"@type\":\"ImageObject\",\"inLanguage\":\"es\",\"@id\":\"https:\\\/\\\/rograf.com\\\/matica\\\/#\\\/schema\\\/logo\\\/image\\\/\",\"url\":\"https:\\\/\\\/rograf.com\\\/matica\\\/wp-content\\\/uploads\\\/2021\\\/02\\\/Madre-Tierra-logo.jpg\",\"contentUrl\":\"https:\\\/\\\/rograf.com\\\/matica\\\/wp-content\\\/uploads\\\/2021\\\/02\\\/Madre-Tierra-logo.jpg\",\"width\":190,\"height\":190,\"caption\":\"matica\"},\"image\":{\"@id\":\"https:\\\/\\\/rograf.com\\\/matica\\\/#\\\/schema\\\/logo\\\/image\\\/\"},\"sameAs\":[\"https:\\\/\\\/www.facebook.com\\\/madretierra.salud.16\"]}]}<\/script>\n<!-- \/ Yoast SEO plugin. -->","yoast_head_json":{"title":"Sea Moss Gell - matica","robots":{"index":"index","follow":"follow","max-snippet":"max-snippet:-1","max-image-preview":"max-image-preview:large","max-video-preview":"max-video-preview:-1"},"canonical":"https:\/\/rograf.com\/matica\/producto\/dnk-yellow-shoes\/","og_locale":"es_ES","og_type":"article","og_title":"Sea Moss Gell - matica","og_description":"THE REAL DEAL - Premium quality sea moss. Wild crafted, organic, clean, no bad smells and harvested from the Caribbean waters. SUPER VALUE - 1 package makes 75 ounces of organic sea moss gel. Unlike any other sea moss, this is super dry and clean to give you more yield per package. SUPERFOOD - Sea moss is a powerhouse for heart health, thyroid, digestion, immunity, detoxing and is an appetite suppressant that boosts your energy. BOOST YOUR IMMUNITY - Packed with 90% of vitamins and minerals your body needs.  &nbsp;","og_url":"https:\/\/rograf.com\/matica\/producto\/dnk-yellow-shoes\/","og_site_name":"matica","article_publisher":"https:\/\/www.facebook.com\/madretierra.salud.16","article_modified_time":"2026-05-15T10:50:54+00:00","og_image":[{"width":1024,"height":1024,"url":"https:\/\/rograf.com\/matica\/wp-content\/uploads\/2017\/12\/Sea-moss-gel-1024x1024.jpg","type":"image\/jpeg"}],"twitter_card":"summary_large_image","twitter_misc":{"Tiempo de lectura":"2 minutos"},"schema":{"@context":"https:\/\/schema.org","@graph":[{"@type":"WebPage","@id":"https:\/\/rograf.com\/matica\/producto\/dnk-yellow-shoes\/","url":"https:\/\/rograf.com\/matica\/producto\/dnk-yellow-shoes\/","name":"Sea Moss Gell - matica","isPartOf":{"@id":"https:\/\/rograf.com\/matica\/#website"},"primaryImageOfPage":{"@id":"https:\/\/rograf.com\/matica\/producto\/dnk-yellow-shoes\/#primaryimage"},"image":{"@id":"https:\/\/rograf.com\/matica\/producto\/dnk-yellow-shoes\/#primaryimage"},"thumbnailUrl":"https:\/\/rograf.com\/matica\/wp-content\/uploads\/2017\/12\/Sea-moss-gel.jpg","datePublished":"2017-12-21T08:37:29+00:00","dateModified":"2026-05-15T10:50:54+00:00","breadcrumb":{"@id":"https:\/\/rograf.com\/matica\/producto\/dnk-yellow-shoes\/#breadcrumb"},"inLanguage":"es","potentialAction":[{"@type":"ReadAction","target":["https:\/\/rograf.com\/matica\/producto\/dnk-yellow-shoes\/"]}]},{"@type":"ImageObject","inLanguage":"es","@id":"https:\/\/rograf.com\/matica\/producto\/dnk-yellow-shoes\/#primaryimage","url":"https:\/\/rograf.com\/matica\/wp-content\/uploads\/2017\/12\/Sea-moss-gel.jpg","contentUrl":"https:\/\/rograf.com\/matica\/wp-content\/uploads\/2017\/12\/Sea-moss-gel.jpg","width":1207,"height":1207},{"@type":"BreadcrumbList","@id":"https:\/\/rograf.com\/matica\/producto\/dnk-yellow-shoes\/#breadcrumb","itemListElement":[{"@type":"ListItem","position":1,"name":"Portada","item":"https:\/\/rograf.com\/matica\/"},{"@type":"ListItem","position":2,"name":"Store","item":"https:\/\/rograf.com\/matica\/store\/"},{"@type":"ListItem","position":3,"name":"Sea Moss Gell"}]},{"@type":"WebSite","@id":"https:\/\/rograf.com\/matica\/#website","url":"https:\/\/rograf.com\/matica\/","name":"matica","description":"Otro sitio realizado con WordPress","publisher":{"@id":"https:\/\/rograf.com\/matica\/#organization"},"potentialAction":[{"@type":"SearchAction","target":{"@type":"EntryPoint","urlTemplate":"https:\/\/rograf.com\/matica\/?s={search_term_string}"},"query-input":{"@type":"PropertyValueSpecification","valueRequired":true,"valueName":"search_term_string"}}],"inLanguage":"es"},{"@type":"Organization","@id":"https:\/\/rograf.com\/matica\/#organization","name":"matica","url":"https:\/\/rograf.com\/matica\/","logo":{"@type":"ImageObject","inLanguage":"es","@id":"https:\/\/rograf.com\/matica\/#\/schema\/logo\/image\/","url":"https:\/\/rograf.com\/matica\/wp-content\/uploads\/2021\/02\/Madre-Tierra-logo.jpg","contentUrl":"https:\/\/rograf.com\/matica\/wp-content\/uploads\/2021\/02\/Madre-Tierra-logo.jpg","width":190,"height":190,"caption":"matica"},"image":{"@id":"https:\/\/rograf.com\/matica\/#\/schema\/logo\/image\/"},"sameAs":["https:\/\/www.facebook.com\/madretierra.salud.16"]}]}},"_links":{"self":[{"href":"https:\/\/rograf.com\/matica\/wp-json\/wp\/v2\/product\/362","targetHints":{"allow":["GET"]}}],"collection":[{"href":"https:\/\/rograf.com\/matica\/wp-json\/wp\/v2\/product"}],"about":[{"href":"https:\/\/rograf.com\/matica\/wp-json\/wp\/v2\/types\/product"}],"replies":[{"embeddable":true,"href":"https:\/\/rograf.com\/matica\/wp-json\/wp\/v2\/comments?post=362"}],"version-history":[{"count":13,"href":"https:\/\/rograf.com\/matica\/wp-json\/wp\/v2\/product\/362\/revisions"}],"predecessor-version":[{"id":1727,"href":"https:\/\/rograf.com\/matica\/wp-json\/wp\/v2\/product\/362\/revisions\/1727"}],"wp:featuredmedia":[{"embeddable":true,"href":"https:\/\/rograf.com\/matica\/wp-json\/wp\/v2\/media\/1577"}],"wp:attachment":[{"href":"https:\/\/rograf.com\/matica\/wp-json\/wp\/v2\/media?parent=362"}],"wp:term":[{"taxonomy":"product_brand","embeddable":true,"href":"https:\/\/rograf.com\/matica\/wp-json\/wp\/v2\/product_brand?post=362"},{"taxonomy":"product_cat","embeddable":true,"href":"https:\/\/rograf.com\/matica\/wp-json\/wp\/v2\/product_cat?post=362"},{"taxonomy":"product_tag","embeddable":true,"href":"https:\/\/rograf.com\/matica\/wp-json\/wp\/v2\/product_tag?post=362"}],"curies":[{"name":"wp","href":"https:\/\/api.w.org\/{rel}","templated":true}]}}